{"id":67,"date":"2024-11-27T21:45:32","date_gmt":"2024-11-27T20:45:32","guid":{"rendered":"http:\/\/centrumautentycznosci.pl\/?page_id=67"},"modified":"2026-01-26T20:17:01","modified_gmt":"2026-01-26T19:17:01","slug":"rekomendacje","status":"publish","type":"page","link":"https:\/\/centrumautentycznosci.pl\/?page_id=67","title":{"rendered":"Rekomendacje"},"content":{"rendered":"\n<div class=\"wp-block-uagb-advanced-heading uagb-block-39ffa42e\"><h2 class=\"uagb-heading-text\"><strong>Pracuj\u0119 z Kobietami, kt\u00f3re: <\/strong><\/h2><\/div>\n\n\n\n<p><\/p>\n\n\n\n<div class=\"wp-block-uagb-icon-list uagb-block-93a3392f\"><div class=\"uagb-icon-list__wrap\">\n<div class=\"wp-block-uagb-icon-list-child uagb-block-7146ebee\"><span class=\"uagb-icon-list__source-wrap\"><svg xmlns=\"https:\/\/www.w3.org\/2000\/svg\" viewBox=\"0 0 512 512\"><path d=\"M256 0C114.6 0 0 114.6 0 256c0 141.4 114.6 256 256 256s256-114.6 256-256C512 114.6 397.4 0 256 0zM406.6 278.6l-103.1 103.1c-12.5 12.5-32.75 12.5-45.25 0s-12.5-32.75 0-45.25L306.8 288H128C110.3 288 96 273.7 96 256s14.31-32 32-32h178.8l-49.38-49.38c-12.5-12.5-12.5-32.75 0-45.25s32.75-12.5 45.25 0l103.1 103.1C414.6 241.3 416 251.1 416 256C416 260.9 414.6 270.7 406.6 278.6z\"><\/path><\/svg><\/span><span class=\"uagb-icon-list__label\">chc\u0105 zdefiniowa\u0107 na nowo swoje cele zawodowe i prywatne  <\/span><\/div>\n\n\n\n<div class=\"wp-block-uagb-icon-list-child uagb-block-202ddcaa\"><span class=\"uagb-icon-list__source-wrap\"><svg xmlns=\"https:\/\/www.w3.org\/2000\/svg\" viewBox=\"0 0 512 512\"><path d=\"M256 0C114.6 0 0 114.6 0 256c0 141.4 114.6 256 256 256s256-114.6 256-256C512 114.6 397.4 0 256 0zM406.6 278.6l-103.1 103.1c-12.5 12.5-32.75 12.5-45.25 0s-12.5-32.75 0-45.25L306.8 288H128C110.3 288 96 273.7 96 256s14.31-32 32-32h178.8l-49.38-49.38c-12.5-12.5-12.5-32.75 0-45.25s32.75-12.5 45.25 0l103.1 103.1C414.6 241.3 416 251.1 416 256C416 260.9 414.6 270.7 406.6 278.6z\"><\/path><\/svg><\/span><span class=\"uagb-icon-list__label\">pomimo sukces\u00f3w w swojej bran\u017cy my\u015bl\u0105 o zmianie kierunku rozwoju  <\/span><\/div>\n\n\n\n<div class=\"wp-block-uagb-icon-list-child uagb-block-7c5dd600\"><span class=\"uagb-icon-list__source-wrap\"><svg xmlns=\"https:\/\/www.w3.org\/2000\/svg\" viewBox=\"0 0 512 512\"><path d=\"M256 0C114.6 0 0 114.6 0 256c0 141.4 114.6 256 256 256s256-114.6 256-256C512 114.6 397.4 0 256 0zM406.6 278.6l-103.1 103.1c-12.5 12.5-32.75 12.5-45.25 0s-12.5-32.75 0-45.25L306.8 288H128C110.3 288 96 273.7 96 256s14.31-32 32-32h178.8l-49.38-49.38c-12.5-12.5-12.5-32.75 0-45.25s32.75-12.5 45.25 0l103.1 103.1C414.6 241.3 416 251.1 416 256C416 260.9 414.6 270.7 406.6 278.6z\"><\/path><\/svg><\/span><span class=\"uagb-icon-list__label\">s\u0105 zm\u0119czone, zniech\u0119cone i niezadowolone z obecnej sytuacji <\/span><\/div>\n<\/div><\/div>\n\n\n\n<div class=\"wp-block-uagb-slider uagb-block-bdb6c39f uagb-slider-container\"><div class=\"uagb-slides uagb-swiper\"><div class=\"swiper-wrapper\">\n<div class=\"wp-block-uagb-slider-child uagb-slider-child-wrap swiper-slide uagb-block-32ef1673\"><div class=\"swiper-content\">\n<div class=\"wp-block-uagb-container uagb-block-a2d7fe99 alignfull uagb-is-root-container\"><div class=\"uagb-container-inner-blocks-wrap\">\n<div class=\"wp-block-uagb-info-box uagb-block-0b5cb26d uagb-infobox__content-wrap  uagb-infobox-icon-above-title uagb-infobox-image-valign-top\"><div class=\"uagb-ifb-content\"><div class=\"uagb-ifb-title-wrap\"><h3 class=\"uagb-ifb-title\"><strong>Praca nad sob\u0105<\/strong><\/h3><\/div><p class=\"uagb-ifb-desc\"><em>Uwa\u017cam, \u017ce wsp\u00f3\u0142cze\u015bnie obraz coachingu jest wypaczony przez social media i pseudo specjalist\u00f3w. Ja przekona\u0142am si\u0119, \u017ce jest to \u015bwietne narz\u0119dzie do pracy nad sob\u0105, tak\u017ce polecam wszystkim, szczeg\u00f3lnie tym, kt\u00f3rzy maj\u0105 poczucie, \u017ce utkn\u0119li i nie potrafi\u0105 ruszy\u0107 z miejsca, potrzebuj\u0105 na nowo okre\u015bli\u0107 swoje \u017cyciowe czy biznesowe cele, czy po prostu potrzebuj\u0105 przeanalizowa\u0107 sobie swoje obecne dzia\u0142ania.<\/em><br>Magda<\/p><\/div><\/div>\n<\/div><\/div>\n<\/div><\/div>\n\n\n\n<div class=\"wp-block-uagb-slider-child uagb-slider-child-wrap swiper-slide uagb-block-9c7a953a\"><div class=\"swiper-content\">\n<div class=\"wp-block-uagb-info-box uagb-block-6e398416 uagb-infobox__content-wrap  uagb-infobox-icon-above-title uagb-infobox-image-valign-top\"><div class=\"uagb-ifb-content\"><div class=\"uagb-ifb-title-wrap\"><h3 class=\"uagb-ifb-title\"><strong>Bodziec i \u015bwiat\u0142o<\/strong><\/h3><\/div><p class=\"uagb-ifb-desc\"><em>Mog\u0119 to por\u00f3wna\u0107 do tego, jak patrzysz ci\u0105gle w jednym kierunku <\/em><br><em>i masz tak\u0105 zaw\u0119\u017con\u0105 percepcj\u0119, a nagle odwracasz si\u0119 <\/em><br><em>w przeciwnym kierunku, bo kto\u015b daje Ci w\u0142a\u015bnie taki <\/em><br><em>bodziec i widzisz, \u017ce tam jest \u015bwiat\u0142o.<\/em><br>Magda<\/p><\/div><\/div>\n<\/div><\/div>\n\n\n\n<div class=\"wp-block-uagb-slider-child uagb-slider-child-wrap swiper-slide uagb-block-4708674f\"><div class=\"swiper-content\">\n<div class=\"wp-block-uagb-container uagb-block-9102de51 alignfull uagb-is-root-container\"><div class=\"uagb-container-inner-blocks-wrap\">\n<div class=\"wp-block-uagb-info-box uagb-block-dff9b269 uagb-infobox__content-wrap  uagb-infobox-icon-above-title uagb-infobox-image-valign-top\"><div class=\"uagb-ifb-content\"><div class=\"uagb-ifb-title-wrap\"><h3 class=\"uagb-ifb-title\"><strong>Zmiana perspektywy<\/strong><\/h3><\/div><p class=\"uagb-ifb-desc\"><em>W zasadzie wszystkie elementy procesu mam wra\u017cenie, \u017ce du\u017co mi da\u0142y. Zadania domowe pozwoli\u0142y mi na g\u0142\u0119bsze zastanowienie si\u0119 nad nimi, to by\u0142o dobre np. w przypadku okre\u015blenia wizji przysz\u0142o\u015bci, bo by\u0142o to czasoch\u0142onne i mia\u0142am czas, by sobie nad tym na spokojnie popracowa\u0107 kilka dni. Zadania, kt\u00f3re robi\u0142y\u015bmy razem, daj\u0105 mo\u017cliwo\u015b\u0107 uzyskania od razu feedbacku od Ciebie i to te\u017c by\u0142o super, bo czasem od razu potrafi\u0142a\u015b zmieni\u0107 na co\u015b perspektyw\u0119.<br><\/em>Magda<\/p><\/div><\/div>\n<\/div><\/div>\n<\/div><\/div>\n\n\n\n<div class=\"wp-block-uagb-slider-child uagb-slider-child-wrap swiper-slide uagb-block-3eccd0b5\"><div class=\"swiper-content\">\n<div class=\"wp-block-uagb-info-box uagb-block-1b28ad69 uagb-infobox__content-wrap  uagb-infobox-icon-above-title uagb-infobox-image-valign-top\"><div class=\"uagb-ifb-content\"><div class=\"uagb-ifb-title-wrap\"><h3 class=\"uagb-ifb-title\"><strong>Klarowno\u015b\u0107 warto\u015bci<\/strong><\/h3><\/div><p class=\"uagb-ifb-desc\"><em>Sesja pomog\u0142a mi zyska\u0107 wi\u0119ksz\u0105 klarowno\u015b\u0107 co do moich warto\u015bci oraz zauwa\u017cy\u0107 r\u00f3\u017cnice pomi\u0119dzy \u017cyciem zawodowym, <\/em><br><em>a prywatnym. Szersze om\u00f3wienie warto\u015bci, przynios\u0142o konkretne dzia\u0142ania kt\u00f3re powoli realizuj\u0119, na tym mi zale\u017ca\u0142o. Dzi\u0119ki tym refleksjom poczu\u0142am motywacj\u0119 i gotowo\u015b\u0107 do dzia\u0142ania.<br><\/em>Aleksandra<\/p><\/div><\/div>\n<\/div><\/div>\n\n\n\n<div class=\"wp-block-uagb-slider-child uagb-slider-child-wrap swiper-slide uagb-block-69fd3d7a\"><div class=\"swiper-content\">\n<div class=\"wp-block-uagb-container uagb-block-8a3ebb95 alignfull uagb-is-root-container\"><div class=\"uagb-container-inner-blocks-wrap\">\n<div class=\"wp-block-uagb-info-box uagb-block-09a85f11 uagb-infobox__content-wrap  uagb-infobox-icon-above-title uagb-infobox-image-valign-top\"><div class=\"uagb-ifb-content\"><div class=\"uagb-ifb-title-wrap\"><h3 class=\"uagb-ifb-title\"><strong>Jasno wyznaczony cel<\/strong><\/h3><\/div><p class=\"uagb-ifb-desc\"><em>Z jasnymi wnioskami i kolejnymi zadaniami zako\u0144czy\u0142y\u015bmy spotkanie, wi\u0119c czuj\u0119, \u017ce id\u0119 do przodu z wyznaczonym celem.<br><\/em>Aleksandra<\/p><\/div><\/div>\n<\/div><\/div>\n<\/div><\/div>\n<\/div><\/div><div class=\"swiper-pagination\"><\/div><div class=\"swiper-button-prev\"><\/div><div class=\"swiper-button-next\"><\/div><\/div>\n\n\n\n<div class=\"wp-block-group has-global-padding is-layout-constrained wp-block-group-is-layout-constrained\">\n<div class=\"wp-block-uagb-image aligncenter uagb-block-c37dab5f wp-block-uagb-image--layout-overlay wp-block-uagb-image--effect-static wp-block-uagb-image--align-center\"><figure class=\"wp-block-uagb-image__figure\"><img decoding=\"async\" srcset=\"https:\/\/centrumautentycznosci.pl\/wp-content\/uploads\/2026\/01\/IMG_21361-1024x683.jpg ,https:\/\/centrumautentycznosci.pl\/wp-content\/uploads\/2026\/01\/IMG_21361-scaled.jpg 780w, https:\/\/centrumautentycznosci.pl\/wp-content\/uploads\/2026\/01\/IMG_21361-scaled.jpg 360w\" sizes=\"auto, (max-width: 480px) 150px\" src=\"https:\/\/centrumautentycznosci.pl\/wp-content\/uploads\/2026\/01\/IMG_21361-1024x683.jpg\" alt=\"\" class=\"uag-image-450\" width=\"5184\" height=\"3456\" title=\"IMG_21361\" loading=\"lazy\" role=\"img\"\/><div class=\"wp-block-uagb-image--layout-overlay__color-wrapper\"><\/div><div class=\"wp-block-uagb-image--layout-overlay__inner center-center\"><h2 class=\"uagb-image-heading\">Jestem towarzyszk\u0105 <br>Twojej zmiany<\/h2><\/div><\/figure><\/div>\n<\/div>\n\n\n\n<p><\/p>\n\n\n\n<div class=\"wp-block-group is-layout-grid wp-container-core-group-is-layout-478b6e6b wp-block-group-is-layout-grid\">\n<figure class=\"wp-block-gallery has-nested-images columns-default is-cropped wp-block-gallery-1 wp-container-content-e29552f7 is-layout-flex wp-block-gallery-is-layout-flex\">\n<figure class=\"wp-block-image size-full wp-container-content-e29552f7 wp-duotone-duotone-1\"><img loading=\"lazy\" decoding=\"async\" width=\"2560\" height=\"1706\" data-id=\"452\" src=\"https:\/\/centrumautentycznosci.pl\/wp-content\/uploads\/2026\/01\/IMG_13561-scaled.jpg\" alt=\"\" class=\"wp-image-452\" srcset=\"https:\/\/centrumautentycznosci.pl\/wp-content\/uploads\/2026\/01\/IMG_13561-scaled.jpg 2560w, https:\/\/centrumautentycznosci.pl\/wp-content\/uploads\/2026\/01\/IMG_13561-300x200.jpg 300w, https:\/\/centrumautentycznosci.pl\/wp-content\/uploads\/2026\/01\/IMG_13561-1024x683.jpg 1024w, https:\/\/centrumautentycznosci.pl\/wp-content\/uploads\/2026\/01\/IMG_13561-768x512.jpg 768w, https:\/\/centrumautentycznosci.pl\/wp-content\/uploads\/2026\/01\/IMG_13561-1536x1024.jpg 1536w, https:\/\/centrumautentycznosci.pl\/wp-content\/uploads\/2026\/01\/IMG_13561-2048x1365.jpg 2048w\" sizes=\"auto, (max-width: 2560px) 100vw, 2560px\" \/><\/figure>\n<\/figure>\n\n\n\n<figure class=\"wp-block-image size-full wp-duotone-636363-ffffff-2\"><img loading=\"lazy\" decoding=\"async\" width=\"1707\" height=\"2560\" src=\"https:\/\/centrumautentycznosci.pl\/wp-content\/uploads\/2026\/01\/IMG_2033-scaled.jpg\" alt=\"\" class=\"wp-image-454\" srcset=\"https:\/\/centrumautentycznosci.pl\/wp-content\/uploads\/2026\/01\/IMG_2033-scaled.jpg 1707w, https:\/\/centrumautentycznosci.pl\/wp-content\/uploads\/2026\/01\/IMG_2033-200x300.jpg 200w, https:\/\/centrumautentycznosci.pl\/wp-content\/uploads\/2026\/01\/IMG_2033-683x1024.jpg 683w, https:\/\/centrumautentycznosci.pl\/wp-content\/uploads\/2026\/01\/IMG_2033-768x1152.jpg 768w, https:\/\/centrumautentycznosci.pl\/wp-content\/uploads\/2026\/01\/IMG_2033-1024x1536.jpg 1024w, https:\/\/centrumautentycznosci.pl\/wp-content\/uploads\/2026\/01\/IMG_2033-1365x2048.jpg 1365w\" sizes=\"auto, (max-width: 1707px) 100vw, 1707px\" \/><\/figure>\n<\/div>\n\n\n\n<p><\/p>\n","protected":false},"excerpt":{"rendered":"<p>Pracuj\u0119 z Kobietami, kt\u00f3re:<\/p>\n","protected":false},"author":1,"featured_media":0,"parent":0,"menu_order":0,"comment_status":"closed","ping_status":"closed","template":"","meta":{"_uag_custom_page_level_css":".read-more {\ndisplay: none;\n}","footnotes":""},"class_list":["post-67","page","type-page","status-publish","hentry"],"uagb_featured_image_src":{"full":false,"thumbnail":false,"medium":false,"medium_large":false,"large":false,"1536x1536":false,"2048x2048":false},"uagb_author_info":{"display_name":"admin","author_link":"https:\/\/centrumautentycznosci.pl\/?author=1"},"uagb_comment_info":0,"uagb_excerpt":"Pracuj\u0119 z Kobietami, kt\u00f3re:","_links":{"self":[{"href":"https:\/\/centrumautentycznosci.pl\/index.php?rest_route=\/wp\/v2\/pages\/67","targetHints":{"allow":["GET"]}}],"collection":[{"href":"https:\/\/centrumautentycznosci.pl\/index.php?rest_route=\/wp\/v2\/pages"}],"about":[{"href":"https:\/\/centrumautentycznosci.pl\/index.php?rest_route=\/wp\/v2\/types\/page"}],"author":[{"embeddable":true,"href":"https:\/\/centrumautentycznosci.pl\/index.php?rest_route=\/wp\/v2\/users\/1"}],"replies":[{"embeddable":true,"href":"https:\/\/centrumautentycznosci.pl\/index.php?rest_route=%2Fwp%2Fv2%2Fcomments&post=67"}],"version-history":[{"count":39,"href":"https:\/\/centrumautentycznosci.pl\/index.php?rest_route=\/wp\/v2\/pages\/67\/revisions"}],"predecessor-version":[{"id":455,"href":"https:\/\/centrumautentycznosci.pl\/index.php?rest_route=\/wp\/v2\/pages\/67\/revisions\/455"}],"wp:attachment":[{"href":"https:\/\/centrumautentycznosci.pl\/index.php?rest_route=%2Fwp%2Fv2%2Fmedia&parent=67"}],"curies":[{"name":"wp","href":"https:\/\/api.w.org\/{rel}","templated":true}]}}