{"id":33,"date":"2024-11-26T22:42:46","date_gmt":"2024-11-26T21:42:46","guid":{"rendered":"http:\/\/centrumautentycznosci.pl\/?page_id=33"},"modified":"2026-01-27T22:47:14","modified_gmt":"2026-01-27T21:47:14","slug":"oferta","status":"publish","type":"page","link":"https:\/\/centrumautentycznosci.pl\/?page_id=33","title":{"rendered":"Oferta"},"content":{"rendered":"\n<p class=\"has-base-2-color has-text-color has-link-color has-large-font-size wp-elements-bf642b62597254546589c16e840340d7\"><strong>Kochana Kobieto! Chcesz poczu\u0107 sprawczo\u015b\u0107? \u017by\u0107 autentycznie? Podejmowa\u0107 \u015bwiadome decyzje zwi\u0105zane z prac\u0105, ale dbaj\u0105c o swoje potrzeby? Nie wiesz od czego zacz\u0105\u0107?<\/strong><\/p>\n\n\n\n<p><\/p>\n\n\n\n<p>Zapraszam Ci\u0119 na proces coachingowy, podczas kt\u00f3rego odkryjesz na nowo sw\u00f3j potencja\u0142, ustalisz priorytety i poczujesz, \u017ce \u017cycie jest w Twoich r\u0119kach. Ja zadbam o komfortowe warunki do rozwoju, a Ty zaczniesz dostrzega\u0107 zmiany na lepsze.<\/p>\n\n\n\n<div class=\"wp-block-group has-global-padding is-layout-constrained wp-block-group-is-layout-constrained\">\n<div class=\"wp-block-uagb-image uagb-block-beaca2ba wp-block-uagb-image--layout-default wp-block-uagb-image--effect-static wp-block-uagb-image--align-none\"><figure class=\"wp-block-uagb-image__figure\"><img decoding=\"async\" srcset=\"https:\/\/centrumautentycznosci.pl\/wp-content\/uploads\/2026\/01\/IMG_1843-683x1024.jpg ,https:\/\/centrumautentycznosci.pl\/wp-content\/uploads\/2026\/01\/IMG_1843-scaled.jpg 780w, https:\/\/centrumautentycznosci.pl\/wp-content\/uploads\/2026\/01\/IMG_1843-scaled.jpg 360w\" sizes=\"auto, (max-width: 480px) 150px\" src=\"https:\/\/centrumautentycznosci.pl\/wp-content\/uploads\/2026\/01\/IMG_1843-683x1024.jpg\" alt=\"\" class=\"uag-image-486\" width=\"3918\" height=\"5877\" title=\"IMG_1843\" loading=\"lazy\" role=\"img\"\/><\/figure><\/div>\n<\/div>\n\n\n\n<div class=\"wp-block-uagb-advanced-heading uagb-block-4a69370a\"><h2 class=\"uagb-heading-text\"><strong>Proces indywidualny<\/strong><\/h2><\/div>\n\n\n\n<p>Standardowy proces rozwojowy obejmuje minimum 6 sesji. Aby zmiana by\u0142a realna b\u0119dziemy pracowa\u0107 minimum 3 miesi\u0105ce. <\/p>\n\n\n\n<p>Ka\u017cdy etap wsp\u00f3\u0142pracy jest w pe\u0142ni dostosowany do Twoich potrzeb \u2013 tempo pracy, narz\u0119dzia oraz podejmowane dzia\u0142ania s\u0105 indywidualnie dopasowywane, aby wspiera\u0107 realizacj\u0119 Twoich cel\u00f3w.<\/p>\n\n\n\n<p>Nasza wsp\u00f3\u0142praca opiera si\u0119 na kontrakcie, zawartym i przyj\u0119tym przez obie strony na pocz\u0105tku.<\/p>\n\n\n\n<p><\/p>\n\n\n\n<div class=\"wp-block-uagb-call-to-action uagb-block-0175111e wp-block-button\"><div class=\"uagb-cta__wrap\"><h3 class=\"uagb-cta__title\"><strong>Um\u00f3w si\u0119 na sesj\u0119<\/strong> <\/h3><p class=\"uagb-cta__desc\">Aby zarezerwowa\u0107 pojedyncz\u0105 sesj\u0119, skorzystaj z kalendarza. <br>Koszt: 200 z\u0142\/sesja<\/p><\/div><div class=\"uagb-cta__buttons\"><a href=\"https:\/\/calendly.com\/centrumautentycznosci\/60min?back=1&amp;month=2024-12\" class=\"uagb-cta__button-link-wrapper wp-block-button__link\" target=\"_self\" rel=\"noopener noreferrer\">Zarezerwuj<svg xmlns=\"https:\/\/www.w3.org\/2000\/svg\" viewBox=\"0 0 512 512\"><path d=\"M504.3 273.6l-112.1 104c-6.992 6.484-17.18 8.218-25.94 4.406c-8.758-3.812-14.42-12.45-14.42-21.1L351.9 288H32C14.33 288 .0002 273.7 .0002 255.1S14.33 224 32 224h319.9l0-72c0-9.547 5.66-18.19 14.42-22c8.754-3.809 18.95-2.075 25.94 4.41l112.1 104C514.6 247.9 514.6 264.1 504.3 273.6z\"><\/path><\/svg><\/a><\/div><\/div>\n\n\n\n<p>Oferuj\u0119 r\u00f3wnie\u017c mo\u017cliwo\u015b\u0107 zarezerwowania ca\u0142ego procesu w cenie <strong>1800 z\u0142\/bez limitu sesji<\/strong> do wykorzystania w ci\u0105gu 3 miesi\u0119cy.<\/p>\n\n\n\n<figure class=\"wp-block-image size-large\"><img loading=\"lazy\" decoding=\"async\" width=\"768\" height=\"1024\" src=\"https:\/\/centrumautentycznosci.pl\/wp-content\/uploads\/2026\/01\/IMG_4339-768x1024.jpg\" alt=\"\" class=\"wp-image-457\" srcset=\"https:\/\/centrumautentycznosci.pl\/wp-content\/uploads\/2026\/01\/IMG_4339-768x1024.jpg 768w, https:\/\/centrumautentycznosci.pl\/wp-content\/uploads\/2026\/01\/IMG_4339-225x300.jpg 225w, https:\/\/centrumautentycznosci.pl\/wp-content\/uploads\/2026\/01\/IMG_4339-1152x1536.jpg 1152w, https:\/\/centrumautentycznosci.pl\/wp-content\/uploads\/2026\/01\/IMG_4339-1536x2048.jpg 1536w, https:\/\/centrumautentycznosci.pl\/wp-content\/uploads\/2026\/01\/IMG_4339-scaled.jpg 1920w\" sizes=\"auto, (max-width: 768px) 100vw, 768px\" \/><\/figure>\n\n\n\n<div class=\"wp-block-uagb-advanced-heading uagb-block-b37f4ffa\"><h2 class=\"uagb-heading-text\">Warsztaty rozwojowe<\/h2><\/div>\n\n\n\n<p>Proces zmiany mo\u017ce odbywa\u0107 si\u0119 r\u00f3wnie\u017c w grupie. Je\u015bli masz kole\u017canki z pracy, przyjaci\u00f3\u0142ki, albo bliskie kobiety w rodzinie, zg\u0142o\u015bcie si\u0119 do mnie. Zorganizuj\u0119 dla Was pi\u0119kny czas &#8220;szyty na miar\u0119&#8221;. W warsztatach wykorzystuj\u0119 narz\u0119dzia coachingowe, design thinkg, action learning. Metod\u0119 dobieram do konkretnego wyzwania.<\/p>\n\n\n\n<p><\/p>\n\n\n\n<div class=\"wp-block-uagb-call-to-action uagb-block-0587dac6 wp-block-button\"><div class=\"uagb-cta__wrap\"><h3 class=\"uagb-cta__title\"><strong>Skontaktuj si\u0119 ze mn\u0105<br>i wyce\u0144 warsztaty grupowe<br><\/strong><\/h3><\/div><div class=\"uagb-cta__buttons\"><a href=\"https:\/\/centrumautentycznosci.pl\/?page_id=71\" class=\"uagb-cta__button-link-wrapper wp-block-button__link\" target=\"_self\" rel=\"noopener noreferrer\">Kontakt<svg xmlns=\"https:\/\/www.w3.org\/2000\/svg\" viewBox=\"0 0 512 512\"><path d=\"M504.3 273.6l-112.1 104c-6.992 6.484-17.18 8.218-25.94 4.406c-8.758-3.812-14.42-12.45-14.42-21.1L351.9 288H32C14.33 288 .0002 273.7 .0002 255.1S14.33 224 32 224h319.9l0-72c0-9.547 5.66-18.19 14.42-22c8.754-3.809 18.95-2.075 25.94 4.41l112.1 104C514.6 247.9 514.6 264.1 504.3 273.6z\"><\/path><\/svg><\/a><\/div><\/div>\n\n\n\n<div class=\"wp-block-buttons is-layout-flex wp-block-buttons-is-layout-flex\"><\/div>\n\n\n\n<div class=\"wp-block-uagb-container uagb-block-5e85ff46 alignfull uagb-is-root-container\"><div class=\"uagb-container-inner-blocks-wrap\">\n<div class=\"wp-block-uagb-social-share uagb-social-share__outer-wrap uagb-social-share__layout-horizontal uagb-block-2d1458c8\">\n<div class=\"wp-block-uagb-social-share-child uagb-ss-repeater uagb-ss__wrapper uagb-block-eebc56be\"><span class=\"uagb-ss__link\" data-href=\"https:\/\/www.facebook.com\/sharer.php?u=\" tabindex=\"0\" role=\"button\" aria-label=\"facebook\"><span class=\"uagb-ss__source-wrap\"><span class=\"uagb-ss__source-icon\"><svg xmlns=\"https:\/\/www.w3.org\/2000\/svg\" viewBox=\"0 0 512 512\"><path d=\"M504 256C504 119 393 8 256 8S8 119 8 256c0 123.8 90.69 226.4 209.3 245V327.7h-63V256h63v-54.64c0-62.15 37-96.48 93.67-96.48 27.14 0 55.52 4.84 55.52 4.84v61h-31.28c-30.8 0-40.41 19.12-40.41 38.73V256h68.78l-11 71.69h-57.78V501C413.3 482.4 504 379.8 504 256z\"><\/path><\/svg><\/span><\/span><\/span><\/div>\n\n\n\n<div class=\"wp-block-uagb-social-share-child uagb-ss-repeater uagb-ss__wrapper uagb-block-6d59faf2\"><span class=\"uagb-ss__link\" data-href=\"https:\/\/twitter.com\/share?url=\" tabindex=\"0\" role=\"button\" aria-label=\"twitter\"><span class=\"uagb-ss__source-wrap\"><span class=\"uagb-ss__source-icon\"><svg xmlns=\"https:\/\/www.w3.org\/2000\/svg\" viewBox=\"0 0 448 512\"><path d=\"M400 32H48C21.5 32 0 53.5 0 80v352c0 26.5 21.5 48 48 48h352c26.5 0 48-21.5 48-48V80c0-26.5-21.5-48-48-48zm-48.9 158.8c.2 2.8 .2 5.7 .2 8.5 0 86.7-66 186.6-186.6 186.6-37.2 0-71.7-10.8-100.7-29.4 5.3 .6 10.4 .8 15.8 .8 30.7 0 58.9-10.4 81.4-28-28.8-.6-53-19.5-61.3-45.5 10.1 1.5 19.2 1.5 29.6-1.2-30-6.1-52.5-32.5-52.5-64.4v-.8c8.7 4.9 18.9 7.9 29.6 8.3a65.45 65.45 0 0 1 -29.2-54.6c0-12.2 3.2-23.4 8.9-33.1 32.3 39.8 80.8 65.8 135.2 68.6-9.3-44.5 24-80.6 64-80.6 18.9 0 35.9 7.9 47.9 20.7 14.8-2.8 29-8.3 41.6-15.8-4.9 15.2-15.2 28-28.8 36.1 13.2-1.4 26-5.1 37.8-10.2-8.9 13.1-20.1 24.7-32.9 34z\"><\/path><\/svg><\/span><\/span><\/span><\/div>\n\n\n\n<div class=\"wp-block-uagb-social-share-child uagb-ss-repeater uagb-ss__wrapper uagb-block-fbbb47b7\"><span class=\"uagb-ss__link\" data-href=\"https:\/\/pinterest.com\/pin\/create\/link\/?url=\" tabindex=\"0\" role=\"button\" aria-label=\"pinterest\"><span class=\"uagb-ss__source-wrap\"><span class=\"uagb-ss__source-icon\"><svg xmlns=\"https:\/\/www.w3.org\/2000\/svg\" viewBox=\"0 0 448 512\"><path d=\"M448 80v352c0 26.5-21.5 48-48 48H154.4c9.8-16.4 22.4-40 27.4-59.3 3-11.5 15.3-58.4 15.3-58.4 8 15.3 31.4 28.2 56.3 28.2 74.1 0 127.4-68.1 127.4-152.7 0-81.1-66.2-141.8-151.4-141.8-106 0-162.2 71.1-162.2 148.6 0 36 19.2 80.8 49.8 95.1 4.7 2.2 7.1 1.2 8.2-3.3 .8-3.4 5-20.1 6.8-27.8 .6-2.5 .3-4.6-1.7-7-10.1-12.3-18.3-34.9-18.3-56 0-54.2 41-106.6 110.9-106.6 60.3 0 102.6 41.1 102.6 99.9 0 66.4-33.5 112.4-77.2 112.4-24.1 0-42.1-19.9-36.4-44.4 6.9-29.2 20.3-60.7 20.3-81.8 0-53-75.5-45.7-75.5 25 0 21.7 7.3 36.5 7.3 36.5-31.4 132.8-36.1 134.5-29.6 192.6l2.2 .8H48c-26.5 0-48-21.5-48-48V80c0-26.5 21.5-48 48-48h352c26.5 0 48 21.5 48 48z\"><\/path><\/svg><\/span><\/span><\/span><\/div>\n\n\n\n<div class=\"wp-block-uagb-social-share-child uagb-ss-repeater uagb-ss__wrapper uagb-block-74c522ab\"><span class=\"uagb-ss__link\" data-href=\"https:\/\/www.linkedin.com\/shareArticle?url=\" tabindex=\"0\" role=\"button\" aria-label=\"linkedin\"><span class=\"uagb-ss__source-wrap\"><span class=\"uagb-ss__source-icon\"><svg xmlns=\"https:\/\/www.w3.org\/2000\/svg\" viewBox=\"0 0 448 512\"><path d=\"M416 32H31.9C14.3 32 0 46.5 0 64.3v383.4C0 465.5 14.3 480 31.9 480H416c17.6 0 32-14.5 32-32.3V64.3c0-17.8-14.4-32.3-32-32.3zM135.4 416H69V202.2h66.5V416zm-33.2-243c-21.3 0-38.5-17.3-38.5-38.5S80.9 96 102.2 96c21.2 0 38.5 17.3 38.5 38.5 0 21.3-17.2 38.5-38.5 38.5zm282.1 243h-66.4V312c0-24.8-.5-56.7-34.5-56.7-34.6 0-39.9 27-39.9 54.9V416h-66.4V202.2h63.7v29.2h.9c8.9-16.8 30.6-34.5 62.9-34.5 67.2 0 79.7 44.3 79.7 101.9V416z\"><\/path><\/svg><\/span><\/span><\/span><\/div>\n<\/div>\n\n\n\t\t\t\t<div class=\"wp-block-uagb-table-of-contents uagb-toc__align-left uagb-toc__columns-1  uagb-block-f9878f33     \"\n\t\t\t\t\tdata-scroll= \"1\"\n\t\t\t\t\tdata-offset= \"30\"\n\t\t\t\t\tstyle=\"\"\n\t\t\t\t>\n\t\t\t\t<div class=\"uagb-toc__wrap\">\n\t\t\t\t\t\t<div class=\"uagb-toc__title\">\n\t\t\t\t\t\t\t<br>Opinie<br><br>&#8220;Z Patrycj\u0105 mia\u0142em okazj\u0119 pozna\u0107 si\u0119 na kursu Life&amp;Coaching Academy (Metrum), kt\u00f3ry wsp\u00f3\u0142prowadzi\u0142a. Odbieram j\u0105 jako osob\u0119 kompetentn\u0105, a jednocze\u015bnie tworz\u0105c\u0105 wok\u00f3\u0142 siebie przestrze\u0144, w kt\u00f3rej mog\u0142o zadzia\u0107 si\u0119 w do\u015bwiadczeniu to, czego uczyli\u015bmy si\u0119 w teorii. Swoim zaanga\u017cowaniem i autentyczn\u0105 obecno\u015bci\u0105 wsp\u00f3\u0142tworzy\u0142a ten kurs, wp\u0142ywa\u0142a na niego i transformowa\u0142a moje rozumienie coachingu &#8211; w magi\u0119, kt\u00f3ra naprawd\u0119 dzia\u0142a.&#8221;<br><br>Sebastian, uczestnik<br><br>\t\t\t\t\t\t<\/div>\n\t\t\t\t\t\t\t\t\t\t\t\t\t\t\t\t<div class=\"uagb-toc__list-wrap\">\n\t\t\t\t\t\t<ol class=\"uagb-toc__list\"><li class=\"uagb-toc__list\"><a href=\"#proces-indywidualny\" class=\"uagb-toc-link__trigger\">Proces indywidualny<\/a><ul class=\"uagb-toc__list\"><li class=\"uagb-toc__list\"><a href=\"#um\u00f3w-si\u0119-na-sesj\u0119\" class=\"uagb-toc-link__trigger\">Um\u00f3w si\u0119 na sesj\u0119<\/a><\/li><\/ul><\/li><li class=\"uagb-toc__list\"><a href=\"#warsztaty-rozwojowe\" class=\"uagb-toc-link__trigger\">Warsztaty rozwojowe<\/a><ul class=\"uagb-toc__list\"><li class=\"uagb-toc__list\"><a href=\"#skontaktuj-si\u0119-ze-mn\u0105i-wyce\u0144-warsztaty-grupowe\" class=\"uagb-toc-link__trigger\">Skontaktuj si\u0119 ze mn\u0105i wyce\u0144 warsztaty grupowe<\/a><\/ul><\/ul><\/ol>\t\t\t\t\t<\/div>\n\t\t\t\t\t\t\t\t\t<\/div>\n\t\t\t\t<\/div>\n\t\t\t<\/div><\/div>\n","protected":false},"excerpt":{"rendered":"<p>Kochana Kobieto! Chcesz poczu\u0107 sprawczo\u015b\u0107? \u017by\u0107 autentycznie? Podejmowa\u0107 \u015bwiadome decyzje zwi\u0105zane z prac\u0105, ale dbaj\u0105c o swoje potrzeby? Nie wiesz od czego zacz\u0105\u0107? Zapraszam Ci\u0119 na proces coachingowy, podczas kt\u00f3rego odkryjesz na nowo sw\u00f3j potencja\u0142, ustalisz priorytety i poczujesz, \u017ce \u017cycie jest w Twoich r\u0119kach. Ja zadbam o komfortowe warunki do rozwoju, a Ty zaczniesz [&hellip;]<\/p>\n","protected":false},"author":1,"featured_media":0,"parent":0,"menu_order":0,"comment_status":"closed","ping_status":"closed","template":"","meta":{"_uag_custom_page_level_css":"","footnotes":""},"class_list":["post-33","page","type-page","status-publish","hentry"],"uagb_featured_image_src":{"full":false,"thumbnail":false,"medium":false,"medium_large":false,"large":false,"1536x1536":false,"2048x2048":false},"uagb_author_info":{"display_name":"admin","author_link":"https:\/\/centrumautentycznosci.pl\/?author=1"},"uagb_comment_info":0,"uagb_excerpt":"Kochana Kobieto! Chcesz poczu\u0107 sprawczo\u015b\u0107? \u017by\u0107 autentycznie? Podejmowa\u0107 \u015bwiadome decyzje zwi\u0105zane z prac\u0105, ale dbaj\u0105c o swoje potrzeby? Nie wiesz od czego zacz\u0105\u0107? Zapraszam Ci\u0119 na proces coachingowy, podczas kt\u00f3rego odkryjesz na nowo sw\u00f3j potencja\u0142, ustalisz priorytety i poczujesz, \u017ce \u017cycie jest w Twoich r\u0119kach. Ja zadbam o komfortowe warunki do rozwoju, a Ty zaczniesz&hellip;","_links":{"self":[{"href":"https:\/\/centrumautentycznosci.pl\/index.php?rest_route=\/wp\/v2\/pages\/33","targetHints":{"allow":["GET"]}}],"collection":[{"href":"https:\/\/centrumautentycznosci.pl\/index.php?rest_route=\/wp\/v2\/pages"}],"about":[{"href":"https:\/\/centrumautentycznosci.pl\/index.php?rest_route=\/wp\/v2\/types\/page"}],"author":[{"embeddable":true,"href":"https:\/\/centrumautentycznosci.pl\/index.php?rest_route=\/wp\/v2\/users\/1"}],"replies":[{"embeddable":true,"href":"https:\/\/centrumautentycznosci.pl\/index.php?rest_route=%2Fwp%2Fv2%2Fcomments&post=33"}],"version-history":[{"count":43,"href":"https:\/\/centrumautentycznosci.pl\/index.php?rest_route=\/wp\/v2\/pages\/33\/revisions"}],"predecessor-version":[{"id":489,"href":"https:\/\/centrumautentycznosci.pl\/index.php?rest_route=\/wp\/v2\/pages\/33\/revisions\/489"}],"wp:attachment":[{"href":"https:\/\/centrumautentycznosci.pl\/index.php?rest_route=%2Fwp%2Fv2%2Fmedia&parent=33"}],"curies":[{"name":"wp","href":"https:\/\/api.w.org\/{rel}","templated":true}]}}