{"id":3,"date":"2024-11-11T22:12:04","date_gmt":"2024-11-11T21:12:04","guid":{"rendered":"http:\/\/centrumautentycznosci.pl\/?page_id=3"},"modified":"2024-12-20T22:07:42","modified_gmt":"2024-12-20T21:07:42","slug":"polityka-prywatnosci","status":"publish","type":"page","link":"https:\/\/centrumautentycznosci.pl\/?page_id=3","title":{"rendered":"Polityka prywatno\u015bci"},"content":{"rendered":"\n<h2 class=\"wp-block-heading\">POLITYKA PRYWATNO\u015aCI<br>STRONY INTERNETOWEJ<br>(CENTRUMAUTENTYCZNOSCI.PL)<\/h2>\n\n\n\n<p class=\"has-text-align-left\">I\/ Dla W\u0142a\u015bciciela niniejszej strony internetowej, ochrona danych osobowych<br>U\u017cytkownik\u00f3w jest spraw\u0105 najwy\u017cszej wagi. Dok\u0142ada on ogrom stara\u0144, aby<br>U\u017cytkownicy czuli si\u0119 bezpiecznie, powierzaj\u0105c swoje dane osobowe w trakcie korzystania ze strony internetowej.<br>II\/ Przetwarzane s\u0105 dane osobowe U\u017cytkownik\u00f3w tylko w zakresie niezb\u0119dnym do zapewnienia funkcjonalnej strony internetowej i us\u0142ug. Dane osobowe U\u017cytkownik\u00f3w s\u0105 przetwarzane wy\u0142\u0105cznie za ich zgod\u0105. Wyj\u0105tkiem s\u0105 przypadki, w kt\u00f3rych nie mo\u017cna uzyska\u0107 uprzedniej zgody z przyczyn<br>faktycznych i w kt\u00f3rych przetwarzanie danych jest dozwolone przez prawo.<br>III\/ U\u017cytkownik to osoba fizyczna, osoba prawna albo jednostka organizacyjna, nieposiadaj\u0105ca osobowo\u015bci prawnej, kt\u00f3rej ustawa przyznaje zdolno\u015b\u0107 prawn\u0105, korzystaj\u0105ca z us\u0142ug elektronicznych, dost\u0119pnych w ramach strony internetowej.<br>IV\/ Niniejsza polityka prywatno\u015bci wyja\u015bnia zasady i zakres przetwarzania<br>danych osobowych U\u017cytkownika, przys\u0142uguj\u0105ce mu prawa, jak te\u017c obowi\u0105zki<br>administratora tych danych, a tak\u017ce informuje o u\u017cywaniu plik\u00f3w cookies.<br>V\/ Administrator stosuje najnowocze\u015bniejsze \u015brodki techniczne i rozwi\u0105zania<br>organizacyjne, zapewniaj\u0105ce wysoki poziom ochrony przetwarzanych danych<br>osobowych oraz zabezpieczenia przed dost\u0119pem os\u00f3b nieupowa\u017cnionych.<\/p>\n\n\n\n<h2 class=\"wp-block-heading\">I. ADMINISTRATOR DANYCH OSOBOWYCH<\/h2>\n\n\n\n<p>Administratorem danych osobowych jest Pani Patrycja Grzybowska-Rybak,<br>zamieszka\u0142a przy: \u017babiniec 77\/54, 31-215 Krak\u00f3w (zwany dalej: \u201eW\u0142a\u015bciciel&#8221;).<\/p>\n\n\n\n<h2 class=\"wp-block-heading\">II. CEL PRZETWARZANIA DANYCH OSOBOWYCH<\/h2>\n\n\n\n<ol class=\"wp-block-list\">\n<li>Administrator przetwarza dane osobowe U\u017cytkownika w celu:<br>prawid\u0142owego umawiania sesji coachingowych, mentoringowych<\/li>\n\n\n\n<li>U\u017cytkownik mo\u017ce r\u00f3wnie\u017c wyrazi\u0107 zgod\u0119 na otrzymywanie informacji<br>o nowo\u015bciach i promocjach, co spowoduje, \u017ce administrator b\u0119dzie r\u00f3wnie\u017c<br>przetwarza\u0107 dane osobowe, w celu przesy\u0142ania U\u017cytkownikowi informacji<br>handlowych, dotycz\u0105cych m.in. nowych produkt\u00f3w lub us\u0142ug, promocji czy<br>wyprzeda\u017cy.<\/li>\n\n\n\n<li>Dane osobowe s\u0105 r\u00f3wnie\u017c przetwarzane w ramach wype\u0142nienia prawnych<br>obowi\u0105zk\u00f3w, ci\u0105\u017c\u0105cych na administratorze danych oraz realizacji zada\u0144,<br>w interesie publicznym m.in. do wykonywania zada\u0144, zwi\u0105zanych<br>z bezpiecze\u0144stwem i obronno\u015bci\u0105 lub przechowywaniem dokumentacji podatkowej.<\/li>\n\n\n\n<li>Dane osobowe mog\u0105 by\u0107 r\u00f3wnie\u017c przetwarzane w celach marketingu<br>bezpo\u015bredniego produkt\u00f3w, zabezpieczenia i dochodzenia roszcze\u0144 lub ochrony przed roszczeniami U\u017cytkownika lub osoby trzeciej, jak r\u00f3wnie\u017c marketingu us\u0142ug i produkt\u00f3w podmiot\u00f3w trzecich lub marketingu w\u0142asnego, nieb\u0119d\u0105cego marketingiem bezpo\u015brednim.<\/li>\n<\/ol>\n\n\n\n<h2 class=\"wp-block-heading\">III. RODZAJ DANYCH<\/h2>\n\n\n\n<ol class=\"wp-block-list\">\n<li>Przy ka\u017cdym wej\u015bciu na nasz\u0105 stron\u0119 internetow\u0105, pobierane s\u0105 automatycznie dane i informacje z systemu komputera, wchodz\u0105cego na stron\u0119, w szczeg\u00f3lno\u015bci dotycz\u0105ce:<br>a) rodzaju i wersji u\u017cywanej przegl\u0105darki;<br>b) systemu operacyjnego U\u017cytkownika;<br>c) dostawcy us\u0142ug internetowych U\u017cytkownika;<br>d) adresu IP U\u017cytkownika;<br>e) daty i godziny wej\u015bcia przez U\u017cytkownika na stron\u0119 internetow\u0105;<br>f) stron internetowych, z kt\u00f3rych system U\u017cytkownika wchodzi na stron\u0119<br>internetow\u0105: CENTRUMAUTENTYCZNOSCI.PL;<br>g) stron internetowych, do kt\u00f3rych system U\u017cytkownika uzyskuje dost\u0119p za<br>po\u015brednictwem strony internetowej: CENTRUMAUTENTYCZNOSCI.PL;<br>h) plik\u00f3w dziennika, zawieraj\u0105cych adresy IP lub inne dane, kt\u00f3re umo\u017cliwiaj\u0105 przypisanie ich do U\u017cytkownika (je\u015bli zosta\u0142y podane na innej stronie internetowej, przez kt\u00f3r\u0105 U\u017cytkownik wszed\u0142 na stron\u0119 internetow\u0105:<br>CENTRUMAUTENTYCZNOSCI.PL). Dane te s\u0105 zapisywane w plikach log\u00f3w<br> systemu i nie s\u0105 przechowywane razem z innymi danymi osobowymi<br>U\u017cytkownika.<\/li>\n<\/ol>\n\n\n\n<h2 class=\"wp-block-heading\">IV. PODSTAWA PRAWNA PRZETWARZANIA DANYCH OSOBOWYCH<\/h2>\n\n\n\n<ol class=\"wp-block-list\">\n<li>Dane osobowe s\u0105 przetwarzane zgodnie z przepisami Rozporz\u0105dzenia<br>Parlamentu Europejskiego i Rady (UE) 2016\/679 z dnia 27 kwietnia 2016 r.<br>w sprawie ochrony os\u00f3b fizycznych w zwi\u0105zku z przetwarzaniem danych<br>osobowych i w sprawie swobodnego przep\u0142ywu takich danych oraz uchylenia dyrektywy 95\/46\/WE (og\u00f3lne rozporz\u0105dzenie o ochronie danych), Dz.Urz.UE L 119, 4.5.2016, str. 1\u201388, dalej zwane: \u201erozporz\u0105dzenie RODO&#8221;.<\/li>\n\n\n\n<li>Administrator przetwarza dane osobowe wy\u0142\u0105cznie po uprzednim uzyskaniu<br>zgody U\u017cytkownika.<\/li>\n\n\n\n<li>Wyra\u017cenie zgody na przetwarzanie danych osobowych jest ca\u0142kowicie<br>dobrowolne.<\/li>\n<\/ol>\n\n\n\n<h2 class=\"wp-block-heading\">V. PRAWA PRZYS\u0141UGUJ\u0104CE U\u017bYTKOWNIKOWI<\/h2>\n\n\n\n<ol class=\"wp-block-list\">\n<li>U\u017cytkownik mo\u017ce w ka\u017cdej chwili za\u017c\u0105da\u0107 od administratora informacji<br>o zakresie przetwarzania danych osobowych.<\/li>\n\n\n\n<li>U\u017cytkownik mo\u017ce w ka\u017cdej chwili za\u017c\u0105da\u0107 poprawienia b\u0105d\u017a sprostowania<br>swoich danych osobowych.<\/li>\n\n\n\n<li>U\u017cytkownik mo\u017ce w ka\u017cdej chwili wycofa\u0107 swoj\u0105 zgod\u0119 na przetwarzanie jego danych osobowych, bez podawania przyczyny. \u017b\u0105danie nieprzetwarzania danych mo\u017ce dotyczy\u0107 wskazanego przez U\u017cytkownika konkretnego celu przetwarzania np. wycofanie zgody na otrzymywanie informacji handlowych b\u0105d\u017a dotyczy\u0107 wszystkich cel\u00f3w przetwarzania danych. Wycofanie zgody co do wszystkich cel\u00f3w przetwarzania spowoduje, \u017ce konto U\u017cytkownika zostanie usuni\u0119te ze strony<br>internetowej, wraz ze wszystkimi wcze\u015bniej przetwarzanymi przez administratora danymi osobowymi U\u017cytkownika. Wycofanie zgody nie wp\u0142ynie na ju\u017c dokonane czynno\u015bci.<\/li>\n\n\n\n<li>U\u017cytkownik mo\u017ce w ka\u017cdej chwili \u017c\u0105da\u0107, bez podawania przyczyny, aby<br>administrator usun\u0105\u0142 Jego dane. \u017b\u0105danie usuni\u0119cia danych nie wp\u0142ynie na<br>dotychczas dokonane czynno\u015bci. Usuni\u0119cie danych oznacza jednoczesne usuni\u0119cie konta U\u017cytkownika, wraz ze wszystkimi zapisanymi i przetwarzanymi do tej pory przez administratora danymi osobowymi.<\/li>\n\n\n\n<li>U\u017cytkownik mo\u017ce w ka\u017cdej chwili wyrazi\u0107 sprzeciw przeciwko przetwarzaniu<br>danych osobowych, zar\u00f3wno w zakresie wszystkich przetwarzanych przez<br>administratora danych osobowych U\u017cytkownika, jak r\u00f3wnie\u017c jedynie<br>w ograniczonym zakresie np. co do przetwarzania danych w konkretnie  wskazanym celu. Sprzeciw nie wp\u0142ynie na dotychczas dokonane czynno\u015bci. Wniesienie sprzeciwu spowoduje usuni\u0119cie konta U\u017cytkownika, wraz ze wszystkimi zapisanymi i przetwarzanymi do tej pory, przez administratora, danymi osobowymi.<\/li>\n\n\n\n<li>U\u017cytkownik mo\u017ce za\u017c\u0105da\u0107 ograniczenia przetwarzania danych osobowych, czy to przez okre\u015blony czas, czy te\u017c bez ograniczenia czasowego, ale w okre\u015blonym zakresie, co administrator b\u0119dzie obowi\u0105zany spe\u0142ni\u0107. \u017b\u0105danie to nie wp\u0142ynie na dotychczas dokonane czynno\u015bci.<\/li>\n\n\n\n<li>U\u017cytkownik mo\u017ce za\u017c\u0105da\u0107, aby administrator przekaza\u0142 innemu podmiotowi, przetwarzane dane osobowe U\u017cytkownika. Powinien w tym celu napisa\u0107 pro\u015bb\u0119 do administratora, wskazuj\u0105c, jakiemu podmiotowi (nazwa, adres) nale\u017cy przekaza\u0107 dane osobowe U\u017cytkownika oraz jakie konkretnie dane U\u017cytkownik \u017cyczy sobie, \u017ceby administrator przekaza\u0142. Po potwierdzeniu przez U\u017cytkownika swojego \u017cyczenia, administrator przeka\u017ce, w formie elektronicznej, wskazanemu podmiotowi, dane osobowe U\u017cytkownika. Potwierdzenie przez U\u017cytkownika \u017c\u0105dania jest niezb\u0119dne z uwagi na bezpiecze\u0144stwo danych osobowych U\u017cytkownika oraz<br>uzyskanie pewno\u015bci, \u017ce \u017c\u0105danie pochodzi od osoby uprawnionej.<\/li>\n\n\n\n<li>Administrator informuje U\u017cytkownika o podj\u0119tych dzia\u0142aniach, przed up\u0142ywem miesi\u0105ca od otrzymania jednego z \u017c\u0105da\u0144 wymienionych w poprzednich punktach.<\/li>\n<\/ol>\n\n\n\n<h2 class=\"wp-block-heading\">VI. OKRES PRZECHOWYWANIA DANYCH OSOBOWYCH<\/h2>\n\n\n\n<ol class=\"wp-block-list\">\n<li>Zasadniczo dane osobowe s\u0105 przechowywane tylko tak d\u0142ugo, jak to jest<br>konieczne do wype\u0142nienia zobowi\u0105za\u0144 umownych lub ustawowych, dla kt\u00f3rych zosta\u0142y one zgromadzone. Dane te zostan\u0105 usuni\u0119te natychmiast, gdy ich przechowywanie nie b\u0119dzie konieczne, w celach dowodowych, zgodnie z prawem cywilnym lub w zwi\u0105zku z ustawowym obowi\u0105zkiem przechowywania danych.<\/li>\n\n\n\n<li>Informacje, dotycz\u0105ce umowy, przechowuje si\u0119 w celach dowodowych, przez okres trzech lat, pocz\u0105wszy od ko\u0144ca roku, w kt\u00f3rym zako\u0144czono relacje handlowe z U\u017cytkownikiem. Usuni\u0119cie danych nast\u0105pi po up\u0142ywie ustawowego terminu przedawnienia dochodzenia roszcze\u0144 umownych.<\/li>\n\n\n\n<li>Ponadto, administrator mo\u017ce zachowa\u0107 informacje archiwalne, dotycz\u0105ce<br>zawartych transakcji, gdy\u017c ich przechowywanie jest zwi\u0105zane z przys\u0142uguj\u0105cymi U\u017cytkownikowi roszczeniami np. z tytu\u0142u r\u0119kojmi.<\/li>\n\n\n\n<li>Je\u015bli \u017cadna umowa nie zosta\u0142a zawarta, mi\u0119dzy U\u017cytkownikiem i W\u0142a\u015bcicielem, dane osobowe U\u017cytkownika s\u0105 przechowywane do czasu usuni\u0119cia konta U\u017cytkownika na stronie internetowej. Usuni\u0119cie konta mo\u017ce nast\u0105pi\u0107 w wyniku wysuni\u0119cia \u017c\u0105dania przez U\u017cytkownika, wycofania zgody na przetwarzanie danych osobowych, b\u0105d\u017a te\u017c zg\u0142oszenia sprzeciwu co do przetwarzania tych danych.<\/li>\n<\/ol>\n\n\n\n<h2 class=\"wp-block-heading\">VII. POWIERZENIE PRZETWARZANIA DANYCH INNYM PODMIOTOM<\/h2>\n\n\n\n<ol class=\"wp-block-list\">\n<li>Administrator mo\u017ce powierza\u0107 przetwarzanie danych osobowych podmiotom wsp\u00f3\u0142pracuj\u0105cym z administratorem, w zakresie niezb\u0119dnym dla realizacji transakcji np. w celu przygotowania zam\u00f3wionego towaru oraz dostarczania przesy\u0142ek lub przekazywania informacji handlowych, pochodz\u0105cych od administratora (ostatnie dotyczy U\u017cytkownik\u00f3w, kt\u00f3rzy wyrazili zgod\u0119 na otrzymywanie informacji handlowych).<\/li>\n\n\n\n<li>Poza celami, wskazanymi w niniejszej Polityce Prywatno\u015bci, dane osobowe<br>U\u017cytkownik\u00f3w, nie b\u0119d\u0105 w \u017caden spos\u00f3b udost\u0119pniane osobom trzecim, ani przekazywane innym podmiotom, w celu przesy\u0142ania materia\u0142\u00f3w marketingowych tych os\u00f3b trzecich.<\/li>\n\n\n\n<li>Dane osobowe U\u017cytkownik\u00f3w strony internetowej nie s\u0105 przekazywane poza obszar Unii Europejskiej.<\/li>\n\n\n\n<li>Niniejsza Polityka Prywatno\u015bci jest zgodna z przepisami wynikaj\u0105cymi z art. 13 ust. 1 i ust. 2 rozporz\u0105dzenia RODO.<\/li>\n<\/ol>\n\n\n\n<p><\/p>\n","protected":false},"excerpt":{"rendered":"<p>POLITYKA PRYWATNO\u015aCISTRONY INTERNETOWEJ(CENTRUMAUTENTYCZNOSCI.PL) I\/ Dla W\u0142a\u015bciciela niniejszej strony internetowej, ochrona danych osobowychU\u017cytkownik\u00f3w jest spraw\u0105 najwy\u017cszej wagi. Dok\u0142ada on ogrom stara\u0144, abyU\u017cytkownicy czuli si\u0119 bezpiecznie, powierzaj\u0105c swoje dane osobowe w trakcie korzystania ze strony internetowej.II\/ Przetwarzane s\u0105 dane osobowe U\u017cytkownik\u00f3w tylko w zakresie niezb\u0119dnym do zapewnienia funkcjonalnej strony internetowej i us\u0142ug. Dane osobowe U\u017cytkownik\u00f3w s\u0105 przetwarzane [&hellip;]<\/p>\n","protected":false},"author":1,"featured_media":0,"parent":0,"menu_order":0,"comment_status":"closed","ping_status":"open","template":"","meta":{"_uag_custom_page_level_css":"","footnotes":""},"class_list":["post-3","page","type-page","status-publish","hentry"],"uagb_featured_image_src":{"full":false,"thumbnail":false,"medium":false,"medium_large":false,"large":false,"1536x1536":false,"2048x2048":false},"uagb_author_info":{"display_name":"admin","author_link":"https:\/\/centrumautentycznosci.pl\/?author=1"},"uagb_comment_info":1,"uagb_excerpt":"POLITYKA PRYWATNO\u015aCISTRONY INTERNETOWEJ(CENTRUMAUTENTYCZNOSCI.PL) I\/ Dla W\u0142a\u015bciciela niniejszej strony internetowej, ochrona danych osobowychU\u017cytkownik\u00f3w jest spraw\u0105 najwy\u017cszej wagi. Dok\u0142ada on ogrom stara\u0144, abyU\u017cytkownicy czuli si\u0119 bezpiecznie, powierzaj\u0105c swoje dane osobowe w trakcie korzystania ze strony internetowej.II\/ Przetwarzane s\u0105 dane osobowe U\u017cytkownik\u00f3w tylko w zakresie niezb\u0119dnym do zapewnienia funkcjonalnej strony internetowej i us\u0142ug. Dane osobowe U\u017cytkownik\u00f3w s\u0105 przetwarzane&hellip;","_links":{"self":[{"href":"https:\/\/centrumautentycznosci.pl\/index.php?rest_route=\/wp\/v2\/pages\/3","targetHints":{"allow":["GET"]}}],"collection":[{"href":"https:\/\/centrumautentycznosci.pl\/index.php?rest_route=\/wp\/v2\/pages"}],"about":[{"href":"https:\/\/centrumautentycznosci.pl\/index.php?rest_route=\/wp\/v2\/types\/page"}],"author":[{"embeddable":true,"href":"https:\/\/centrumautentycznosci.pl\/index.php?rest_route=\/wp\/v2\/users\/1"}],"replies":[{"embeddable":true,"href":"https:\/\/centrumautentycznosci.pl\/index.php?rest_route=%2Fwp%2Fv2%2Fcomments&post=3"}],"version-history":[{"count":6,"href":"https:\/\/centrumautentycznosci.pl\/index.php?rest_route=\/wp\/v2\/pages\/3\/revisions"}],"predecessor-version":[{"id":264,"href":"https:\/\/centrumautentycznosci.pl\/index.php?rest_route=\/wp\/v2\/pages\/3\/revisions\/264"}],"wp:attachment":[{"href":"https:\/\/centrumautentycznosci.pl\/index.php?rest_route=%2Fwp%2Fv2%2Fmedia&parent=3"}],"curies":[{"name":"wp","href":"https:\/\/api.w.org\/{rel}","templated":true}]}}