{"id":2,"date":"2024-11-11T22:12:04","date_gmt":"2024-11-11T21:12:04","guid":{"rendered":"http:\/\/centrumautentycznosci.pl\/?page_id=2"},"modified":"2026-01-26T20:15:04","modified_gmt":"2026-01-26T19:15:04","slug":"przykladowa-strona","status":"publish","type":"page","link":"https:\/\/centrumautentycznosci.pl\/?page_id=2","title":{"rendered":"O mnie"},"content":{"rendered":"\n<div class=\"wp-block-uagb-container uagb-layout-grid uagb-block-79466f32 alignfull uagb-is-root-container\"><div class=\"uagb-container-inner-blocks-wrap\">\n<div class=\"wp-block-uagb-image aligncenter uagb-block-a1e35cb8 wp-block-uagb-image--layout-default wp-block-uagb-image--effect-static wp-block-uagb-image--align-center\"><figure class=\"wp-block-uagb-image__figure\"><img decoding=\"async\" srcset=\"https:\/\/centrumautentycznosci.pl\/wp-content\/uploads\/2026\/01\/IMG_1496-1-683x1024.jpg ,https:\/\/centrumautentycznosci.pl\/wp-content\/uploads\/2026\/01\/IMG_1496-1-scaled.jpg 780w, https:\/\/centrumautentycznosci.pl\/wp-content\/uploads\/2026\/01\/IMG_1496-1-scaled.jpg 360w\" sizes=\"auto, (max-width: 480px) 150px\" src=\"https:\/\/centrumautentycznosci.pl\/wp-content\/uploads\/2026\/01\/IMG_1496-1-683x1024.jpg\" alt=\"\" class=\"uag-image-447\" width=\"396\" height=\"453\" title=\"IMG_1496\" loading=\"lazy\" role=\"img\"\/><\/figure><\/div>\n\n\n\n<div class=\"wp-block-uagb-info-box uagb-block-832d6406 uagb-infobox__content-wrap  uagb-infobox-icon-above-title uagb-infobox-image-valign-top wp-block-uagb-info-box--has-margin\"><div class=\"uagb-infobox-margin-wrapper\"><div class=\"uagb-ifb-content\"><div class=\"uagb-ifb-title-wrap\"><h4 class=\"uagb-ifb-title-prefix\"><strong>Odzyskaj sprawczo\u015b\u0107. Podejmuj autentycznie Twoje decyzje. <\/strong><\/h4><h2 class=\"uagb-ifb-title\"><strong>Patrycja Grzybowska-Rybak<\/strong><br><\/h2><\/div><div class=\"uagb-ifb-separator\"><\/div><p class=\"uagb-ifb-desc\">Jestem dyplomowan\u0105 coacherk\u0105, absolwentk\u0105 studi\u00f3w podyplomowych na kierunku Coaching i Mentoring na SWPS w Katowicach. <br><br><strong>Moj\u0105 misj\u0105 i pasj\u0105 jest wspieranie kobiet, w odzyskiwaniu sprawczo\u015bci. Pomagam im zacz\u0105\u0107 podejmowa\u0107 autentycznie ich w\u0142asne decyzje. Zar\u00f3wno w \u017cyciu zawodowym, jak i prywatnym. <\/strong><br><br>Coaching pojawi\u0142 si\u0119 w moim \u017cyciu z wielu powod\u00f3w. Podczas mojego prawie 10 lat do\u015bwiadczenia w biznesie na r\u00f3\u017cnych stanowiskach zwi\u0105zanych z komunikacj\u0105, zawsze w centrum mojego zainteresowania by\u0142 cz\u0142owiek.  <br><br>Moja droga to r\u00f3wnie\u017c projektowanie i prowadzenie proces\u00f3w design thinking. Jako certyfikowana moderatorka odkrywa\u0142am prawdziwe potrzeby ludzi, cz\u0119sto kryj\u0105ce si\u0119 za r\u00f3\u017cnymi ramami i schematami.  <br><br><strong>W coachingu urzek\u0142a mnie moc relacji. <\/strong>Ka\u017cde spotkanie z moimi klientkami &#8211; indywidualne lub warsztatowe to wspania\u0142e do\u015bwiadczenie. W procesie jest miejsce na wzloty i upadki, punkty zwrotne, kt\u00f3re zmieniaj\u0105 perspektyw\u0119 i kierunek dzia\u0142ania. <br><br>Jako Kobieta i Mama, przekona\u0142am si\u0119 jak trudno sprosta\u0107 wszystkim \u017cyciowym rolom. Dzi\u0119ki coachingowi wiem, \u017ce mo\u017cesz \u017cy\u0107 spokojniej, czu\u0107 wi\u0119ksze spe\u0142nienie, dba\u0107 o swoje potrzeby zawodowe i prywatne. By\u0107 sprawcza i autentyczna. <br><br>Moje do\u015bwiadczenie to r\u00f3wnie\u017c <strong>osobista podr\u00f3\u017c rozwojowa.<\/strong> Jak na Gallupowego Learnera przysta\u0142o, nieustannie poszerzam swoje kompetencje i wiedz\u0119, uczestnicz\u0105c w kursach i szkoleniach bran\u017cowych.<br><br>Swoj\u0105 wiedz\u0119 i do\u015bwiadczenie wykorzystuj\u0119 prowadz\u0105c sesje indywidualne, superwizje, a tak\u017ce warsztaty i szkolenia grupowe. <\/p><\/div><\/div><\/div>\n<\/div><\/div>\n\n\n\n<p>Obejrzyj wywiad ze mn\u0105 w programie Sfera Mentalna <\/p>\n\n\n\n<p><strong>&#8220;5 krok\u00f3w do \u017cycia w zgodzie ze sob\u0105&#8221;<\/strong><\/p>\n\n\n\n<figure class=\"wp-block-embed is-type-video is-provider-youtube wp-block-embed-youtube wp-embed-aspect-16-9 wp-has-aspect-ratio\"><div class=\"wp-block-embed__wrapper\">\n<iframe loading=\"lazy\" title=\"5 KROK\u00d3W DO \u017bYCIA W ZGODZIE ZE SOB\u0104 - Centrum Autentyczno\u015bci\" width=\"500\" height=\"281\" src=\"https:\/\/www.youtube.com\/embed\/FYuWQ7vcg58?feature=oembed\" frameborder=\"0\" allow=\"accelerometer; autoplay; clipboard-write; encrypted-media; gyroscope; picture-in-picture; web-share\" referrerpolicy=\"strict-origin-when-cross-origin\" allowfullscreen><\/iframe>\n<\/div><\/figure>\n\n\n\n<p><\/p>\n\n\n\n<blockquote class=\"wp-block-quote alignright is-layout-flow wp-block-quote-is-layout-flow\">\n<p><strong>Co m\u00f3wi\u0105 klientki:<\/strong><\/p>\n\n\n\n<p>Patrycja to \u015bwietna coach, kt\u00f3ra wyr\u00f3\u017cnia si\u0119 punktualno\u015bci\u0105 i systematycznym podej\u015bciem do pracy. Jej trafne wnioski i umiej\u0119tno\u015b\u0107 zwracania uwagi na kluczowe aspekty bardzo pomagaj\u0105 w procesie.&nbsp;Jest nieoceniaj\u0105ca, co stwarza bezpieczn\u0105 atmosfer\u0119. Potrafi doceni\u0107 wysi\u0142ek i zaanga\u017cowanie podopiecznej, co motywuje do dalszego dzia\u0142ania. Ma wiedz\u0119, kt\u00f3r\u0105 odpowiednio wykorzystuje, pilnuj\u0105c, aby rozmowa by\u0142a konkretna i nie odbiega\u0142a od tematu. Sesje s\u0105 maksymalnie efektywne i pomocne, daje to poczucie, \u017ce id\u0119 w dobrym kierunku.<\/p>\n<cite>Aleksandra<\/cite><\/blockquote>\n","protected":false},"excerpt":{"rendered":"<p>Obejrzyj wywiad ze mn\u0105 w programie Sfera Mentalna &#8220;5 krok\u00f3w do \u017cycia w zgodzie ze sob\u0105&#8221; Co m\u00f3wi\u0105 klientki: Patrycja to \u015bwietna coach, kt\u00f3ra wyr\u00f3\u017cnia si\u0119 punktualno\u015bci\u0105 i systematycznym podej\u015bciem do pracy. Jej trafne wnioski i umiej\u0119tno\u015b\u0107 zwracania uwagi na kluczowe aspekty bardzo pomagaj\u0105 w procesie.&nbsp;Jest nieoceniaj\u0105ca, co stwarza bezpieczn\u0105 atmosfer\u0119. Potrafi doceni\u0107 wysi\u0142ek i [&hellip;]<\/p>\n","protected":false},"author":1,"featured_media":19,"parent":0,"menu_order":0,"comment_status":"closed","ping_status":"closed","template":"","meta":{"_uag_custom_page_level_css":"","footnotes":""},"class_list":["post-2","page","type-page","status-publish","has-post-thumbnail","hentry"],"uagb_featured_image_src":{"full":["https:\/\/centrumautentycznosci.pl\/wp-content\/uploads\/2024\/11\/fryz.jpeg",800,800,false],"thumbnail":["https:\/\/centrumautentycznosci.pl\/wp-content\/uploads\/2024\/11\/fryz-150x150.jpeg",150,150,true],"medium":["https:\/\/centrumautentycznosci.pl\/wp-content\/uploads\/2024\/11\/fryz-300x300.jpeg",300,300,true],"medium_large":["https:\/\/centrumautentycznosci.pl\/wp-content\/uploads\/2024\/11\/fryz-768x768.jpeg",768,768,true],"large":["https:\/\/centrumautentycznosci.pl\/wp-content\/uploads\/2024\/11\/fryz.jpeg",800,800,false],"1536x1536":["https:\/\/centrumautentycznosci.pl\/wp-content\/uploads\/2024\/11\/fryz.jpeg",800,800,false],"2048x2048":["https:\/\/centrumautentycznosci.pl\/wp-content\/uploads\/2024\/11\/fryz.jpeg",800,800,false]},"uagb_author_info":{"display_name":"admin","author_link":"https:\/\/centrumautentycznosci.pl\/?author=1"},"uagb_comment_info":0,"uagb_excerpt":"Obejrzyj wywiad ze mn\u0105 w programie Sfera Mentalna &#8220;5 krok\u00f3w do \u017cycia w zgodzie ze sob\u0105&#8221; Co m\u00f3wi\u0105 klientki: Patrycja to \u015bwietna coach, kt\u00f3ra wyr\u00f3\u017cnia si\u0119 punktualno\u015bci\u0105 i systematycznym podej\u015bciem do pracy. Jej trafne wnioski i umiej\u0119tno\u015b\u0107 zwracania uwagi na kluczowe aspekty bardzo pomagaj\u0105 w procesie.&nbsp;Jest nieoceniaj\u0105ca, co stwarza bezpieczn\u0105 atmosfer\u0119. Potrafi doceni\u0107 wysi\u0142ek i&hellip;","_links":{"self":[{"href":"https:\/\/centrumautentycznosci.pl\/index.php?rest_route=\/wp\/v2\/pages\/2","targetHints":{"allow":["GET"]}}],"collection":[{"href":"https:\/\/centrumautentycznosci.pl\/index.php?rest_route=\/wp\/v2\/pages"}],"about":[{"href":"https:\/\/centrumautentycznosci.pl\/index.php?rest_route=\/wp\/v2\/types\/page"}],"author":[{"embeddable":true,"href":"https:\/\/centrumautentycznosci.pl\/index.php?rest_route=\/wp\/v2\/users\/1"}],"replies":[{"embeddable":true,"href":"https:\/\/centrumautentycznosci.pl\/index.php?rest_route=%2Fwp%2Fv2%2Fcomments&post=2"}],"version-history":[{"count":37,"href":"https:\/\/centrumautentycznosci.pl\/index.php?rest_route=\/wp\/v2\/pages\/2\/revisions"}],"predecessor-version":[{"id":449,"href":"https:\/\/centrumautentycznosci.pl\/index.php?rest_route=\/wp\/v2\/pages\/2\/revisions\/449"}],"wp:featuredmedia":[{"embeddable":true,"href":"https:\/\/centrumautentycznosci.pl\/index.php?rest_route=\/wp\/v2\/media\/19"}],"wp:attachment":[{"href":"https:\/\/centrumautentycznosci.pl\/index.php?rest_route=%2Fwp%2Fv2%2Fmedia&parent=2"}],"curies":[{"name":"wp","href":"https:\/\/api.w.org\/{rel}","templated":true}]}}